{"id":1944,"date":"2025-12-04T19:13:09","date_gmt":"2025-12-04T19:13:09","guid":{"rendered":"https:\/\/chocolate-crane-312861.hostingersite.com\/?post_type=product&#038;p=1944"},"modified":"2025-12-05T11:17:52","modified_gmt":"2025-12-05T11:17:52","slug":"50-coffee-pods-royal-gourmet-blend","status":"publish","type":"product","link":"https:\/\/capsuladoro.com\/sq\/produkt\/50-coffee-pods-royal-gourmet-blend\/","title":{"rendered":"50 Coffee Pods \u2013 Royal Gourmet Blend"},"content":{"rendered":"<div class=\"woocommerce-product-details__short-description\">\n<p><strong>Box da 150 pezzi\u00a0<\/strong><\/p>\n<p>Cialda caff\u00e8 compostabile da 8gr, miscela Gourmet.<br \/>\nLa confezione in cialda, perfettamente dosata e pressata nella bustina monodose salvaroma, garantisce l\u2019erogazione di un espresso cremoso e profumato.<\/p>\n<p>La miscela Gourmet \u00e8 frutto della felice unione di caff\u00e8 di alto profilo. Predomina la dolcezza del sapore, con un lieve grado di acidit\u00e0 nel retrogusto. Abbondano profumi e fragranze in un perfetto equilibrio di gusto, aroma e corpo.<\/p>\n<p><strong>Pi\u00f9 acquisti, pi\u00f9 risparmi:\u00a0<\/strong>Per questo prodotto offriamo un sconto maggiore a seconda della quantit\u00e0 ordinata. FAI SCORTA dei tuoi prodotti preferiti ad un prezzo super conveniente!<\/p>\n<\/div>","protected":false},"excerpt":{"rendered":"<p>Box da 150 pezzi\u00a0 Cialda caff\u00e8 compostabile da 8gr, miscela Gourmet. La confezione in cialda, perfettamente dosata e pressata nella bustina monodose salvaroma, garantisce l\u2019erogazione di un espresso cremoso e profumato. La miscela Gourmet \u00e8 frutto della felice unione di caff\u00e8 di alto profilo. Predomina la dolcezza del sapore, con un lieve grado di acidit\u00e0 [&hellip;]<\/p>","protected":false},"featured_media":1945,"comment_status":"open","ping_status":"closed","template":"","meta":[],"product_brand":[],"product_cat":[26],"product_tag":[],"class_list":{"0":"post-1944","1":"product","2":"type-product","3":"status-publish","4":"has-post-thumbnail","6":"product_cat-coffee-capsules","8":"first","9":"instock","10":"shipping-taxable","11":"purchasable","12":"product-type-simple"},"jetpack_sharing_enabled":true,"_links":{"self":[{"href":"https:\/\/capsuladoro.com\/sq\/wp-json\/wp\/v2\/product\/1944","targetHints":{"allow":["GET"]}}],"collection":[{"href":"https:\/\/capsuladoro.com\/sq\/wp-json\/wp\/v2\/product"}],"about":[{"href":"https:\/\/capsuladoro.com\/sq\/wp-json\/wp\/v2\/types\/product"}],"replies":[{"embeddable":true,"href":"https:\/\/capsuladoro.com\/sq\/wp-json\/wp\/v2\/comments?post=1944"}],"wp:featuredmedia":[{"embeddable":true,"href":"https:\/\/capsuladoro.com\/sq\/wp-json\/wp\/v2\/media\/1945"}],"wp:attachment":[{"href":"https:\/\/capsuladoro.com\/sq\/wp-json\/wp\/v2\/media?parent=1944"}],"wp:term":[{"taxonomy":"product_brand","embeddable":true,"href":"https:\/\/capsuladoro.com\/sq\/wp-json\/wp\/v2\/product_brand?post=1944"},{"taxonomy":"product_cat","embeddable":true,"href":"https:\/\/capsuladoro.com\/sq\/wp-json\/wp\/v2\/product_cat?post=1944"},{"taxonomy":"product_tag","embeddable":true,"href":"https:\/\/capsuladoro.com\/sq\/wp-json\/wp\/v2\/product_tag?post=1944"}],"curies":[{"name":"wp","href":"https:\/\/api.w.org\/{rel}","templated":true}]}}